{"id":107,"date":"2016-02-19T09:24:59","date_gmt":"2016-02-19T09:24:59","guid":{"rendered":"http:\/\/plethorathemes.com\/healthflex\/health-coach\/?page_id=107"},"modified":"2026-02-17T14:25:18","modified_gmt":"2026-02-17T14:25:18","slug":"home","status":"publish","type":"page","link":"https:\/\/bemeda-academy.ch\/","title":{"rendered":"Home"},"content":{"rendered":"<div class=\"wpb-content-wrapper\"><p>[vc_row full_width=&#8220;0&#8243; full_height=&#8220;0&#8243; row_padding=&#8220;no_padding&#8220; cols_padding=&#8220;no_cols_padding&#8220; elevate=&#8220;elevate&#8220; background=&#8220;transparent&#8220; el_class=&#8220;folded_section&#8220;][vc_column width=&#8220;1\/4&#8243; color_set=&#8220;dark_section&#8220; background=&#8220;transparent&#8220; offset=&#8220;vc_col-xs-6&#8243;]<!-- ========================== TEASER BOX ==========================-->\n<div class=\"teaser_box wpb_content_element text-center  transparent boxed same_height_col  with_button    \">\n\n  <div class=\"figure transparent\">\n\n\n\n        \n        \n        \n         <img decoding=\"async\" src=\"https:\/\/bemeda-academy.ch\/wp-content\/uploads\/2024\/12\/education-Kopie-1.png\" alt=\"Ausbildung\">   \n\n        \n\n\n  <\/div>\n\n\n\n  <div class=\"content text-center   with_button \">\n    \n    <div class=\"hgroup\">\n       <h4 class=\"neutralize_links\">\n       Ausbildung\n       <\/h4>\n       <p>auf h\u00f6chsten Standards<\/p> \n    <\/div>\n\n    \n\n    <div class=\"link centered\">\n        <a href=\"\"  target=\"\" class=\"btn btn-xs btn-secondary\"><strong><\/strong><\/a>\n    <\/div>\n\n  <\/div>\n\n<\/div>\n\n<!-- END======================= TEASER BOX ==========================-->[\/vc_column][vc_column width=&#8220;1\/4&#8243; color_set=&#8220;skincolored_section&#8220; background=&#8220;transparent&#8220; offset=&#8220;vc_col-xs-6&#8243;]<!-- ========================== TEASER BOX ==========================-->\n<div class=\"teaser_box wpb_content_element text-center  transparent boxed same_height_col  with_button    \">\n\n  <div class=\"figure transparent\">\n\n\n\n        \n        \n        \n         <img decoding=\"async\" src=\"https:\/\/bemeda-academy.ch\/wp-content\/uploads\/2024\/12\/user-1.png\" alt=\"Ansprechsperson\">   \n\n        \n\n\n  <\/div>\n\n\n\n  <div class=\"content text-center   with_button \">\n    \n    <div class=\"hgroup\">\n       <h4 class=\"neutralize_links\">\n       Ansprechsperson\n       <\/h4>\n       <p>Jederzeit verf\u00fcgbar<\/p> \n    <\/div>\n\n    \n\n    <div class=\"link centered\">\n        <a href=\"\"  target=\"\" class=\"btn btn-xs btn-secondary\"><strong><\/strong><\/a>\n    <\/div>\n\n  <\/div>\n\n<\/div>\n\n<!-- END======================= TEASER BOX ==========================-->[\/vc_column][vc_column width=&#8220;1\/4&#8243; color_set=&#8220;dark_section&#8220; offset=&#8220;vc_col-xs-6&#8243;]<!-- ========================== TEASER BOX ==========================-->\n<div class=\"teaser_box wpb_content_element text-center  transparent boxed same_height_col  with_button    \">\n\n  <div class=\"figure transparent\">\n\n\n\n        \n        \n        \n         <img decoding=\"async\" src=\"https:\/\/bemeda-academy.ch\/wp-content\/uploads\/2024\/12\/trend-1.png\" alt=\"Erfolgreich\">   \n\n        \n\n\n  <\/div>\n\n\n\n  <div class=\"content text-center   with_button \">\n    \n    <div class=\"hgroup\">\n       <h4 class=\"neutralize_links\">\n       Erfolgreich\n       <\/h4>\n       <p>Den Abschluss machen<\/p> \n    <\/div>\n\n    \n\n    <div class=\"link centered\">\n        <a href=\"\"  target=\"\" class=\"btn btn-xs btn-secondary\"><strong><\/strong><\/a>\n    <\/div>\n\n  <\/div>\n\n<\/div>\n\n<!-- END======================= TEASER BOX ==========================-->[\/vc_column][vc_column width=&#8220;1\/4&#8243; color_set=&#8220;skincolored_section&#8220; background=&#8220;transparent&#8220; offset=&#8220;vc_col-xs-6&#8243;]<!-- ========================== TEASER BOX ==========================-->\n<div class=\"teaser_box wpb_content_element text-center  transparent boxed same_height_col  with_button    \">\n\n  <div class=\"figure transparent\">\n\n\n\n        \n        \n        \n         <img decoding=\"async\" src=\"https:\/\/bemeda-academy.ch\/wp-content\/uploads\/2024\/12\/group-1.png\" alt=\"Beratung\">   \n\n        \n\n\n  <\/div>\n\n\n\n  <div class=\"content text-center   with_button \">\n    \n    <div class=\"hgroup\">\n       <h4 class=\"neutralize_links\">\n       Beratung\n       <\/h4>\n       <p>Kostenfrei beraten lassen<\/p> \n    <\/div>\n\n    \n\n    <div class=\"link centered\">\n        <a href=\"\"  target=\"\" class=\"btn btn-xs btn-secondary\"><strong><\/strong><\/a>\n    <\/div>\n\n  <\/div>\n\n<\/div>\n\n<!-- END======================= TEASER BOX ==========================-->[\/vc_column][\/vc_row][vc_row full_width=&#8220;0&#8243; full_height=&#8220;0&#8243; row_padding=&#8220;no_top_padding&#8220; sep_bottom=&#8220;separator_bottom sep_angled_positive_bottom&#8220; particles=&#8220;0&#8243;][vc_column]<div class=\"section_header subtitle_bottom   fancy text-left\">\n\n    <h2><b data-olk-copy-source=\"MessageBody\">Willkommen bei der Bemeda Academy<\/b><\/h2>\n\n\n        <p >Ihre Zukunft, unsere Vision<\/p>\n<\/div>[\/vc_column][vc_column width=&#8220;1\/12&#8243; heading_align=&#8220;text-center&#8220; align=&#8220;text-left&#8220; margin=&#8220;margin_bottom_grid&#8220; offset=&#8220;vc_col-md-8&#8243;][vc_column_text]Wir inspirieren Wachstum f\u00f6rdern Potenziale und gestalten Karrieren. Die <strong>Bemeda Academy<\/strong> ist Ihre vertrauensw\u00fcrdige Adresse f\u00fcr Weiterbildung und pers\u00f6nliches Wachstum. Mit einer Vielzahl von Kursen und Seminaren bieten wir Wissen und F\u00e4higkeiten, die Ihnen helfen, sich beruflich und pers\u00f6nlich weiterzuentwickeln &#8211; ob Sie eine neue Karriere starten, bestehendes Wissen vertiefen oder neue Bereiche entdecken m\u00f6chten.[\/vc_column_text][vc_column_text]Was macht uns besonders?[\/vc_column_text][vc_column_text]<strong>\u2713\u00a0 Vielf\u00e4ltige Programme f\u00fcr jedes Niveau<\/strong><br \/>\nVon Einsteigern bis hin zu Profis.<\/p>\n<p><strong>\u2713\u00a0 Flexibles Lernen<\/strong><br \/>\nOnline oder in unserem Zentrum, wann und wie es Ihnen passt.<\/p>\n<p><strong>\u2713\u00a0 Erfahrene Dozenten<\/strong><br \/>\nExperten in ihren Fachgebieten, die Wissen mit Begeisterung und Engagement vermitteln.<\/p>\n<p><strong>\u2713\u00a0 Praxisorientiertes Lernen<\/strong><br \/>\nFokus auf echte F\u00e4higkeiten, die Sie sofort anwenden k\u00f6nnen.[\/vc_column_text][\/vc_column][\/vc_row][vc_row color_set=&#8220;secondary_section&#8220; full_width=&#8220;0&#8243; full_height=&#8220;0&#8243; particles=&#8220;0&#8243; css=&#8220;.vc_custom_1729506503844{background-color: #1cc0f1 !important;}&#8220;][vc_column heading_align=&#8220;text-center&#8220; align=&#8220;text-left&#8220; margin=&#8220;margin_bottom_grid&#8220; offset=&#8220;vc_col-lg-12&#8243;]<div class=\"section_header subtitle_bottom   fancy text-left\">\n\n    <h2>Werden Sie Teil unserer Community!<\/h2>\n\n\n        <p >Schliessen Sie sich der Bemeda Academy an und gehen Sie den Weg zum Erfolg. Wir glauben an Ihre Zukunft und sind daf\u00fcr da, Ihnen die beste Bildung zu bieten, um Ihre Ziele zu erreichen.<\/p>\n<\/div><div class=\"plethora_button wpb_content_element  popmake-783 text-center \">\n    <a href=\"#\" debug class=\" btn btn-white  \" title=\"\"  target=\"_self\">\n\n        \n        Jetzt Kurs buchen\n        \n\n    <\/a>\n<\/div>[\/vc_column][\/vc_row][vc_row full_width=&#8220;0&#8243; full_height=&#8220;0&#8243; sep_top=&#8220;separator_top sep_angled_positive_top&#8220; sep_bottom=&#8220;separator_bottom sep_angled_positive_bottom&#8220; particles=&#8220;0&#8243; el_id=&#8220;angebote&#8220;][vc_column]<div class=\"section_header subtitle_bottom   fancy text-left\">\n\n    <h2>Unser Angebot!<\/h2>\n\n\n        <p >Von Pflegekursen \u00fcber F\u00fchrungsseminaren bis hin zu Spezialisierungen in verschiedenen Bereichen - unser Programm, w\u00e4chst kontinuierlich, um Ihren Bed\u00fcrfnissen und den aktuellen Marktanforderungen gerecht zu werden.<\/p>\n<\/div>[\/vc_column][vc_column width=&#8220;1\/2&#8243; align=&#8220;text-center&#8220; offset=&#8220;vc_col-md-4&#8243;]<div class=\"pricing_plan white_section  \">  \n\n\n    <div class=\"stretchy_wrapper ratio_2-1\">\n      <div style=\"background-image:url('https:\/\/bemeda-academy.ch\/wp-content\/uploads\/2024\/12\/AdobeStock_547340066-1-scaled.jpeg');\" class=\"pricing_plan_photo\"><\/div>\n      \n    <\/div>\n\n\n  <div  class=\"plan_title secondary_section\">\n    <h3>Pflegehelferkurs<\/h3>\n    <p>Online &amp; Pr\u00e4senz Kurs<\/p>\n  <\/div>\n  <div class=\"the_price skincolored_section\">CHF 1'680.-<small><\/small><\/div>\n  <div class=\"the_offerings \">\n   Flexibles &amp; Praxisorientiertes Lernen<br \/>\n120 Lektionen<br \/>\n60% Online &amp; 40% Pr\u00e4senz Unterricht   <br \/> \n\n\n  <a href=\"#\" class=\"btn btn-primary with-icon icon-right\" title=\"\"  target=\"_self\">\n\n    Bald Verf\u00fcgbar!\n\n     <i class=\"fa fa-caret-right\"><\/i>  \n\n  <\/a>\n\n\n  <\/div>\n\n<\/div>[\/vc_column][vc_column width=&#8220;1\/2&#8243; align=&#8220;text-center&#8220; offset=&#8220;vc_hidden-lg vc_col-md-4 vc_hidden-md vc_hidden-sm vc_hidden-xs&#8220;]<div class=\"pricing_plan white_section  \">  \n\n\n    <div class=\"stretchy_wrapper ratio_2-1\">\n      <div style=\"background-image:url('https:\/\/bemeda-academy.ch\/wp-content\/uploads\/2024\/12\/AdobeStock_501050210-scaled.jpeg');\" class=\"pricing_plan_photo\"><\/div>\n      \n    <\/div>\n\n\n  <div  class=\"plan_title secondary_section\">\n    <h3>F\u00fchrungsseminar<\/h3>\n    <p>Pr\u00e4senzseminar<\/p>\n  <\/div>\n  <div class=\"the_price skincolored_section\">CHF 1'280.-<small><\/small><\/div>\n  <div class=\"the_offerings \">\n   Praxisorientiertes Lernen<br \/>\n3 Tage Intensivseminar<br \/>\n100% Pr\u00e4senz   <br \/> \n\n\n  <a href=\"https:\/\/bemeda-academy.ch\/index.php\/fuehrungsseminar\" class=\"btn btn-primary with-icon icon-right\" title=\"\"  target=\"_self\">\n\n    Mehr erfahren\n\n     <i class=\"fa fa-caret-right\"><\/i>  \n\n  <\/a>\n\n\n  <\/div>\n\n<\/div>[\/vc_column][vc_column width=&#8220;1\/2&#8243; align=&#8220;text-center&#8220; offset=&#8220;vc_col-md-4&#8243;]<div class=\"pricing_plan white_section  \">  \n\n\n    <div class=\"stretchy_wrapper ratio_2-1\">\n      <div style=\"background-image:url('https:\/\/bemeda-academy.ch\/wp-content\/uploads\/2024\/12\/Flyer-Angehoerigenpflege.png');\" class=\"pricing_plan_photo\"><\/div>\n      \n    <\/div>\n\n\n  <div  class=\"plan_title secondary_section\">\n    <h3>Angeh\u00f6rigen Pflegehelferkurs<\/h3>\n    <p>Online + Pr\u00e4senz<\/p>\n  <\/div>\n  <div class=\"the_price skincolored_section\">CHF 1'400.-<small><\/small><\/div>\n  <div class=\"the_offerings \">\n   Flexibles &amp; Praxisorientiertes Lernen<br \/>\n100 Lektionen<br \/>\n60% Online &amp; 40% Pr\u00e4senz Unterricht   <br \/> \n\n\n  <a href=\"https:\/\/bemeda-academy.ch\/index.php\/kurs-pflegende-angehoerige\/\" class=\"btn btn-primary with-icon icon-right\" title=\"Kurs Pflegende Angeh\u00f6rige\"  target=\"_self\">\n\n    Mehr erfahren\n\n     <i class=\"fa fa-caret-right\"><\/i>  \n\n  <\/a>\n\n\n  <\/div>\n\n<\/div>[\/vc_column][\/vc_row][vc_row color_set=&#8220;black_section&#8220; align=&#8220;text-center&#8220; full_width=&#8220;0&#8243; full_height=&#8220;0&#8243; cols_valign=&#8220;vcenter&#8220; transparent_overlay=&#8220;transparent_film&#8220; background=&#8220;bgimage&#8220; bgimage=&#8220;632&#8243; parallax=&#8220;1&#8243;][vc_column align=&#8220;text-center&#8220;]<div class=\"section_header subtitle_bottom   fancy text-center\">\n\n    <h2>Offene Fragen?<\/h2>\n\n\n        <p >Rufen Sie uns unverbindlich an unter +41 52 511 81 37<\/p>\n<\/div><div class=\"plethora_button wpb_content_element   text-center \">\n    <a href=\"https:\/\/bemeda-academy.ch\/index.php\/kontakt\/\" debug class=\" btn btn-primary with-icon icon-left\" title=\"Kontakt\"  target=\"_self\">\n\n         <i class=\"fa fa-check\"><\/i> \n        Unverbindlich Anfragen\n        \n\n    <\/a>\n<\/div>[\/vc_column][\/vc_row]<\/p>\n<\/div>","protected":false},"excerpt":{"rendered":"<p>[vc_row full_width=&#8220;0&#8243; full_height=&#8220;0&#8243; row_padding=&#8220;no_padding&#8220; cols_padding=&#8220;no_cols_padding&#8220; elevate=&#8220;elevate&#8220; background=&#8220;transparent&#8220; el_class=&#8220;folded_section&#8220;][vc_column width=&#8220;1\/4&#8243; color_set=&#8220;dark_section&#8220; background=&#8220;transparent&#8220; offset=&#8220;vc_col-xs-6&#8243;][\/vc_column][vc_column width=&#8220;1\/4&#8243; color_set=&#8220;skincolored_section&#8220; background=&#8220;transparent&#8220; offset=&#8220;vc_col-xs-6&#8243;][\/vc_column][vc_column width=&#8220;1\/4&#8243; color_set=&#8220;dark_section&#8220; offset=&#8220;vc_col-xs-6&#8243;][\/vc_column][vc_column width=&#8220;1\/4&#8243; color_set=&#8220;skincolored_section&#8220; background=&#8220;transparent&#8220; offset=&#8220;vc_col-xs-6&#8243;][\/vc_column][\/vc_row][vc_row full_width=&#8220;0&#8243; full_height=&#8220;0&#8243; row_padding=&#8220;no_top_padding&#8220; sep_bottom=&#8220;separator_bottom sep_angled_positive_bottom&#8220; particles=&#8220;0&#8243;][vc_column][\/vc_column][vc_column width=&#8220;1\/12&#8243; heading_align=&#8220;text-center&#8220; align=&#8220;text-left&#8220; margin=&#8220;margin_bottom_grid&#8220; offset=&#8220;vc_col-md-8&#8243;][vc_column_text]Wir inspirieren Wachstum f\u00f6rdern Potenziale und gestalten Karrieren. Die Bemeda Academy ist Ihre vertrauensw\u00fcrdige Adresse f\u00fcr Weiterbildung und pers\u00f6nliches Wachstum. Mit einer [&hellip;]<\/p>\n","protected":false},"author":1,"featured_media":0,"parent":0,"menu_order":0,"comment_status":"closed","ping_status":"closed","template":"","meta":{"footnotes":""},"class_list":["post-107","page","type-page","status-publish","hentry"],"_links":{"self":[{"href":"https:\/\/bemeda-academy.ch\/index.php\/wp-json\/wp\/v2\/pages\/107","targetHints":{"allow":["GET"]}}],"collection":[{"href":"https:\/\/bemeda-academy.ch\/index.php\/wp-json\/wp\/v2\/pages"}],"about":[{"href":"https:\/\/bemeda-academy.ch\/index.php\/wp-json\/wp\/v2\/types\/page"}],"author":[{"embeddable":true,"href":"https:\/\/bemeda-academy.ch\/index.php\/wp-json\/wp\/v2\/users\/1"}],"replies":[{"embeddable":true,"href":"https:\/\/bemeda-academy.ch\/index.php\/wp-json\/wp\/v2\/comments?post=107"}],"version-history":[{"count":60,"href":"https:\/\/bemeda-academy.ch\/index.php\/wp-json\/wp\/v2\/pages\/107\/revisions"}],"predecessor-version":[{"id":1040,"href":"https:\/\/bemeda-academy.ch\/index.php\/wp-json\/wp\/v2\/pages\/107\/revisions\/1040"}],"wp:attachment":[{"href":"https:\/\/bemeda-academy.ch\/index.php\/wp-json\/wp\/v2\/media?parent=107"}],"curies":[{"name":"wp","href":"https:\/\/api.w.org\/{rel}","templated":true}]}}