{"id":109,"date":"2016-02-19T09:25:21","date_gmt":"2016-02-19T09:25:21","guid":{"rendered":"http:\/\/plethorathemes.com\/healthflex\/health-coach\/?page_id=109"},"modified":"2026-02-17T14:16:47","modified_gmt":"2026-02-17T14:16:47","slug":"ueber-uns","status":"publish","type":"page","link":"https:\/\/bemeda-academy.ch\/index.php\/ueber-uns\/","title":{"rendered":"\u00dcber uns"},"content":{"rendered":"<div class=\"wpb-content-wrapper\"><p>[vc_row full_width=&#8220;0&#8243; full_height=&#8220;0&#8243; particles=&#8220;0&#8243; css=&#8220;.vc_custom_1457518050592{padding-top: 96px !important;}&#8220;][vc_column][vc_column_text]<\/p>\n<h3>Willkommen im Team der Bemeda Academy<\/h3>\n<p>Bei der <strong>Bemeda Academy<\/strong> sind wir stolz darauf, ein engagiertes Team von Fachleuten zu haben, die sich der Weiterbildung und Entwicklung von Fachkr\u00e4ften in der Pflege und anderen Bereichen widmen. Unser Ziel ist es, praxisorientierte <strong>Seminare und Schulungen<\/strong> anzubieten, die den Teilnehmern wertvolle F\u00e4higkeiten und fundiertes Wissen vermitteln.<\/p>\n<p><strong>Unsere Mission<\/strong> ist es, Menschen zu bef\u00e4higen, ihre beruflichen Kompetenzen auf das n\u00e4chste Level zu heben und in ihrer Arbeit einen echten Unterschied zu machen. Dabei setzen wir auf innovative Lehrmethoden, praxisnahe Inhalte und eine pers\u00f6nliche Betreuung, die sicherstellt, dass jedes Seminar auf die Bed\u00fcrfnisse unserer Teilnehmer zugeschnitten ist.<\/p>\n<p><strong>Unser Team<\/strong> besteht aus erfahrenen Trainern und Experten, die ihre jahrelange Erfahrung in den Bereichen Pflege, F\u00fchrung und pers\u00f6nliche Weiterentwicklung in massgeschneiderte Programme einfliessen lassen. Wir sind \u00fcberzeugt, dass kontinuierliches Lernen der Schl\u00fcssel zu beruflichem Erfolg und pers\u00f6nlichem Wachstum ist.[\/vc_column_text]<div class=\"plethora_button wpb_content_element  popmake-783 text-left btn_inline\">\n    <a href=\"https:\/\/bemeda-academy.ch\/index.php\/kurs-pflegende-angehoerige\/\" debug class=\" btn btn-primary  \" title=\"\"  target=\"_self\">\n\n        \n        Kurs Buchung\n        \n\n    <\/a>\n<\/div>[\/vc_column][\/vc_row][vc_row color_set=&#8220;light_section&#8220; full_width=&#8220;0&#8243; full_height=&#8220;0&#8243; sep_top=&#8220;separator_top sep_angled_negative_top&#8220; sep_bottom=&#8220;separator_bottom sep_angled_positive_bottom&#8220; particles=&#8220;0&#8243;][vc_column]<div class=\"section_header subtitle_bottom   fancy text-center\">\n\n    <h2 style=\"text-align: center;\">Wie bei jeder guten Arbeit..<\/h2>\n\n\n        <p >...stecken Menschen dahinter, die ihrer Arbeit mit Begeisterung nachgehen.<\/p>\n<\/div>[\/vc_column][vc_column heading_align=&#8220;text-center&#8220; align=&#8220;text-center&#8220; css=&#8220;.vc_custom_1740408424517{margin-left: 525px !important;}&#8220; offset=&#8220;vc_hidden-lg vc_hidden-md vc_hidden-sm vc_hidden-xs&#8220;]<div class=\"team_members_grid row\">\n\n\n    <div class=\"col-sm-6 col-md-3\">\n      <div class=\"team_member teaser_box centered same_height_col dark_section\">\n\n        <a href=\"https:\/\/bemeda-academy.ch\/index.php\/profile\/elizabeth-lemon\/\" style=\"background-image: url('https:\/\/bemeda-academy.ch\/wp-content\/uploads\/2016\/02\/free-user-icon-972-thumb-e1740137546843.png')\" data-colorset=\"dark_section\" class=\"linkify figure stretchy_wrapper ratio_1-1\">\n          <img decoding=\"async\" src=\"https:\/\/bemeda-academy.ch\/wp-content\/uploads\/2016\/02\/free-user-icon-972-thumb-e1740137546843.png\" title=\"Amela von Beg\" class=\"hide\" \/>\n        <\/a>\n\n\n        <div class=\"content boxed  with_button \">\n\n          <div class=\"hgroup\">\n            <h4>Amela von Beg<\/h4>\n             <p>Bereichsleiterin Bemeda Academy<\/p> \n          <\/div>\n\n          <div class=\"team_social\">\n          <\/div>\n\n          <div class=\"desc\">\n            <p><\/p>\n          <\/div>\n\n          <div class=\"link\">\n            <a href=\"https:\/\/bemeda-academy.ch\/index.php\/profile\/elizabeth-lemon\/\" data-colorset=\"dark_section\" class=\"linkify btn btn-xs btn-default\">Mehr erfahren!<\/a>\n          <\/div>\n\n        <\/div>\n\n      <\/div>\n    <\/div>\n\n\n<\/div>[\/vc_column][vc_column]<div class=\"team_members_grid row\">\n\n\n    <div class=\"col-sm-6 col-md-3\">\n      <div class=\"team_member teaser_box centered same_height_col dark_section\">\n\n        <a href=\"https:\/\/bemeda-academy.ch\/index.php\/profile\/nicole-fraueulin\/\" style=\"background-image: url('https:\/\/bemeda-academy.ch\/wp-content\/uploads\/2025\/10\/WhatsApp-Image-2025-05-22-at-11.48.40-e1761908470301-976x1024.jpeg')\" data-colorset=\"dark_section\" class=\"linkify figure stretchy_wrapper ratio_1-1\">\n          <img decoding=\"async\" src=\"https:\/\/bemeda-academy.ch\/wp-content\/uploads\/2025\/10\/WhatsApp-Image-2025-05-22-at-11.48.40-e1761908470301-976x1024.jpeg\" title=\"Nicole Fr\u00e4ulin\" class=\"hide\" \/>\n        <\/a>\n\n\n        <div class=\"content boxed  with_button \">\n\n          <div class=\"hgroup\">\n            <h4>Nicole Fr\u00e4ulin<\/h4>\n             <p>Stv. Gesch\u00e4ftsleiterin<\/p> \n          <\/div>\n\n          <div class=\"team_social\">\n          <\/div>\n\n          <div class=\"desc\">\n            <p><\/p>\n          <\/div>\n\n          <div class=\"link\">\n            <a href=\"https:\/\/bemeda-academy.ch\/index.php\/profile\/nicole-fraueulin\/\" data-colorset=\"dark_section\" class=\"linkify btn btn-xs btn-default\">Mehr erfahren!<\/a>\n          <\/div>\n\n        <\/div>\n\n      <\/div>\n    <\/div>\n\n\n    <div class=\"col-sm-6 col-md-3\">\n      <div class=\"team_member teaser_box centered same_height_col dark_section\">\n\n        <a href=\"https:\/\/bemeda-academy.ch\/index.php\/profile\/ena-gojak\/\" style=\"background-image: url('https:\/\/bemeda-academy.ch\/wp-content\/uploads\/2016\/02\/Ena-e1750965002900-1024x1024.jpg')\" data-colorset=\"dark_section\" class=\"linkify figure stretchy_wrapper ratio_1-1\">\n          <img decoding=\"async\" src=\"https:\/\/bemeda-academy.ch\/wp-content\/uploads\/2016\/02\/Ena-e1750965002900-1024x1024.jpg\" title=\"Ena Gojak\" class=\"hide\" \/>\n        <\/a>\n\n\n        <div class=\"content boxed  with_button \">\n\n          <div class=\"hgroup\">\n            <h4>Ena Gojak<\/h4>\n             <p>Gesch\u00e4ftsleiterin<\/p> \n          <\/div>\n\n          <div class=\"team_social\">\n          <\/div>\n\n          <div class=\"desc\">\n            <p><\/p>\n          <\/div>\n\n          <div class=\"link\">\n            <a href=\"https:\/\/bemeda-academy.ch\/index.php\/profile\/ena-gojak\/\" data-colorset=\"dark_section\" class=\"linkify btn btn-xs btn-default\">Mehr erfahren!<\/a>\n          <\/div>\n\n        <\/div>\n\n      <\/div>\n    <\/div>\n\n\n<\/div><div class=\"team_members_grid row\">\n\n\n    <div class=\"col-sm-6 col-md-3\">\n      <div class=\"team_member teaser_box centered same_height_col dark_section\">\n\n        <a href=\"https:\/\/bemeda-academy.ch\/index.php\/profile\/muazzez-naimi\/\" style=\"background-image: url('https:\/\/bemeda-academy.ch\/wp-content\/uploads\/2016\/02\/Naimi-scaled-e1748955225704-1024x1024.jpg')\" data-colorset=\"dark_section\" class=\"linkify figure stretchy_wrapper ratio_1-1\">\n          <img decoding=\"async\" src=\"https:\/\/bemeda-academy.ch\/wp-content\/uploads\/2016\/02\/Naimi-scaled-e1748955225704-1024x1024.jpg\" title=\"Muazzez Naimi\" class=\"hide\" \/>\n        <\/a>\n\n\n        <div class=\"content boxed  with_button \">\n\n          <div class=\"hgroup\">\n            <h4>Muazzez Naimi<\/h4>\n             <p>Kursleiterin<\/p> \n          <\/div>\n\n          <div class=\"team_social\">\n          <\/div>\n\n          <div class=\"desc\">\n            <p><\/p>\n          <\/div>\n\n          <div class=\"link\">\n            <a href=\"https:\/\/bemeda-academy.ch\/index.php\/profile\/muazzez-naimi\/\" data-colorset=\"dark_section\" class=\"linkify btn btn-xs btn-default\">Mehr erfahren!<\/a>\n          <\/div>\n\n        <\/div>\n\n      <\/div>\n    <\/div>\n\n\n    <div class=\"col-sm-6 col-md-3\">\n      <div class=\"team_member teaser_box centered same_height_col dark_section\">\n\n        <a href=\"https:\/\/bemeda-academy.ch\/index.php\/profile\/davor-stajic\/\" style=\"background-image: url('https:\/\/bemeda-academy.ch\/wp-content\/uploads\/2016\/03\/Davopr-scaled-1-e1765446956596-1024x1024.jpg')\" data-colorset=\"dark_section\" class=\"linkify figure stretchy_wrapper ratio_1-1\">\n          <img decoding=\"async\" src=\"https:\/\/bemeda-academy.ch\/wp-content\/uploads\/2016\/03\/Davopr-scaled-1-e1765446956596-1024x1024.jpg\" title=\"Davor Stajic\" class=\"hide\" \/>\n        <\/a>\n\n\n        <div class=\"content boxed  with_button \">\n\n          <div class=\"hgroup\">\n            <h4>Davor Stajic<\/h4>\n             <p>Kursleiter<\/p> \n          <\/div>\n\n          <div class=\"team_social\">\n          <\/div>\n\n          <div class=\"desc\">\n            <p><\/p>\n          <\/div>\n\n          <div class=\"link\">\n            <a href=\"https:\/\/bemeda-academy.ch\/index.php\/profile\/davor-stajic\/\" data-colorset=\"dark_section\" class=\"linkify btn btn-xs btn-default\">Mehr erfahren!<\/a>\n          <\/div>\n\n        <\/div>\n\n      <\/div>\n    <\/div>\n\n\n    <div class=\"col-sm-6 col-md-3\">\n      <div class=\"team_member teaser_box centered same_height_col dark_section\">\n\n        <a href=\"https:\/\/bemeda-academy.ch\/index.php\/profile\/dijana-egeric\/\" style=\"background-image: url('https:\/\/bemeda-academy.ch\/wp-content\/uploads\/2025\/10\/Dijana_Final-scaled-1-e1761908368817-1024x1024.jpg')\" data-colorset=\"dark_section\" class=\"linkify figure stretchy_wrapper ratio_1-1\">\n          <img decoding=\"async\" src=\"https:\/\/bemeda-academy.ch\/wp-content\/uploads\/2025\/10\/Dijana_Final-scaled-1-e1761908368817-1024x1024.jpg\" title=\"Dijana Egeric Stamenkovic\" class=\"hide\" \/>\n        <\/a>\n\n\n        <div class=\"content boxed  with_button \">\n\n          <div class=\"hgroup\">\n            <h4>Dijana Egeric Stamenkovic<\/h4>\n             <p>Kursleiterin<\/p> \n          <\/div>\n\n          <div class=\"team_social\">\n          <\/div>\n\n          <div class=\"desc\">\n            <p><\/p>\n          <\/div>\n\n          <div class=\"link\">\n            <a href=\"https:\/\/bemeda-academy.ch\/index.php\/profile\/dijana-egeric\/\" data-colorset=\"dark_section\" class=\"linkify btn btn-xs btn-default\">Mehr erfahren!<\/a>\n          <\/div>\n\n        <\/div>\n\n      <\/div>\n    <\/div>\n\n\n<\/div>[\/vc_column][\/vc_row][vc_row color_set=&#8220;secondary_section&#8220; full_width=&#8220;0&#8243; full_height=&#8220;0&#8243; particles=&#8220;0&#8243;][vc_column]<div class=\"section_header subtitle_bottom   fancy text-center\">\n\n    <h2 style=\"text-align: center;\">Offene Fragen?<\/h2>\n\n\n        <p >Rufen Sie uns unverbindlich an unter +41 52 511 81 37<\/p>\n<\/div><div class=\"plethora_button wpb_content_element   text-center \">\n    <a href=\"https:\/\/bemeda-academy.ch\/index.php\/kontakt\/\" debug class=\" btn btn-default with-icon icon-left\" title=\"Kontakt\"  target=\"_self\">\n\n         <i class=\"fa fa-check\"><\/i> \n        Unverbindlich anfragen\n        \n\n    <\/a>\n<\/div>[\/vc_column][\/vc_row]<\/p>\n<\/div>","protected":false},"excerpt":{"rendered":"<p>[vc_row full_width=&#8220;0&#8243; full_height=&#8220;0&#8243; particles=&#8220;0&#8243; css=&#8220;.vc_custom_1457518050592{padding-top: 96px !important;}&#8220;][vc_column][vc_column_text] Willkommen im Team der Bemeda Academy Bei der Bemeda Academy sind wir stolz darauf, ein engagiertes Team von Fachleuten zu haben, die sich der Weiterbildung und Entwicklung von Fachkr\u00e4ften in der Pflege und anderen Bereichen widmen. Unser Ziel ist es, praxisorientierte Seminare und Schulungen anzubieten, die den Teilnehmern [&hellip;]<\/p>\n","protected":false},"author":1,"featured_media":687,"parent":0,"menu_order":0,"comment_status":"closed","ping_status":"closed","template":"","meta":{"footnotes":""},"class_list":["post-109","page","type-page","status-publish","has-post-thumbnail","hentry"],"_links":{"self":[{"href":"https:\/\/bemeda-academy.ch\/index.php\/wp-json\/wp\/v2\/pages\/109","targetHints":{"allow":["GET"]}}],"collection":[{"href":"https:\/\/bemeda-academy.ch\/index.php\/wp-json\/wp\/v2\/pages"}],"about":[{"href":"https:\/\/bemeda-academy.ch\/index.php\/wp-json\/wp\/v2\/types\/page"}],"author":[{"embeddable":true,"href":"https:\/\/bemeda-academy.ch\/index.php\/wp-json\/wp\/v2\/users\/1"}],"replies":[{"embeddable":true,"href":"https:\/\/bemeda-academy.ch\/index.php\/wp-json\/wp\/v2\/comments?post=109"}],"version-history":[{"count":37,"href":"https:\/\/bemeda-academy.ch\/index.php\/wp-json\/wp\/v2\/pages\/109\/revisions"}],"predecessor-version":[{"id":1037,"href":"https:\/\/bemeda-academy.ch\/index.php\/wp-json\/wp\/v2\/pages\/109\/revisions\/1037"}],"wp:featuredmedia":[{"embeddable":true,"href":"https:\/\/bemeda-academy.ch\/index.php\/wp-json\/wp\/v2\/media\/687"}],"wp:attachment":[{"href":"https:\/\/bemeda-academy.ch\/index.php\/wp-json\/wp\/v2\/media?parent=109"}],"curies":[{"name":"wp","href":"https:\/\/api.w.org\/{rel}","templated":true}]}}