{"id":3,"date":"2024-10-21T09:26:17","date_gmt":"2024-10-21T09:26:17","guid":{"rendered":"https:\/\/bemeda-academy.ch\/?page_id=3"},"modified":"2025-10-27T15:24:04","modified_gmt":"2025-10-27T15:24:04","slug":"agb","status":"publish","type":"page","link":"https:\/\/bemeda-academy.ch\/index.php\/agb\/","title":{"rendered":"Allgemeine Gesch\u00e4ftsbedigungen &amp; Datenschutzrichtlinien"},"content":{"rendered":"\n<h2 class=\"wp-block-heading\"><strong>Geltungsbereich<\/strong><\/h2>\n\n\n\n<p>Die vorliegenden Allgemeinen Vertragsbedingungen (AVB) gelten f\u00fcr alle Angebote der<br>Bemeda Academy.<br><\/p>\n\n\n\n<h2 class=\"wp-block-heading\"><strong>Voraussetzungen und Leistungen<\/strong><\/h2>\n\n\n\n<ol class=\"wp-block-list\">\n<li>Die Voraussetzungen und Leistungen f\u00fcr einen Kurs- oder Lehrgangsbesuch sowie<br>Promotionsbedingungen sind auf den Ausschreibungen der Homepage Bemeda<br>Academy ersichtlich und gelten als verbindlicher Teil dieser AVB.<\/li>\n<\/ol>\n\n\n\n<ol start=\"2\" class=\"wp-block-list\">\n<li>Alle Kurse und Lehrg\u00e4nge werden von qualifizierten Fachpersonen erteilt. Im Preis<br>sind f\u00fcr den Kurs erforderliche Lehrmittel\/Skripts\/Zertifikate und Arbeitsmaterialien<br>enthalten, sofern nicht anders ausgewiesen.<br><\/li>\n\n\n\n<li>Reise,- und Verpflegungskosten sowie Parkgeb\u00fchren gehen zu Lasten der<br>Kursteilnehmenden.<br><\/li>\n\n\n\n<li>Es stehen keine Parkpl\u00e4tze vor oder um das Geb\u00e4ude zur Verf\u00fcgung. Bitte nutzen<br>Sie Parkm\u00f6glichkeiten in der Umgebung oder \u00f6ffentliche Verkehrsmittel.<\/li>\n<\/ol>\n\n\n\n<p><\/p>\n\n\n\n<h2 class=\"wp-block-heading\"><strong>Anmeldung<\/strong><\/h2>\n\n\n\n<p>F\u00fcr Kurse und Lehrg\u00e4nge besteht die M\u00f6glichkeit zur Online-Anmeldung auf unserer<br>Webseite https:\/\/bemeda-academy.ch. Es werden nur Online-Anmeldungen<br>entgegengenommen, telefonische Anmeldungen sind nicht m\u00f6glich. Die Anmeldung<br>verpflichtet Sie zur Bezahlung der Kurskosten unter Ber\u00fccksichtigung der<br>Stornierungsm\u00f6glichkeiten (s. Punkt Stornierung). Anmeldungen werden in der Reihenfolge<br>des Eintreffens und unter Vorbehalt einer fristgerechten Zahlung ber\u00fccksichtigt.<\/p>\n\n\n\n<p><\/p>\n\n\n\n<h2 class=\"wp-block-heading\"><strong>Anmeldeschluss, Durchf\u00fchrungsbest\u00e4tigung, Bezahlung<\/strong><\/h2>\n\n\n\n<p>Bis und mit 5 Tage vor Kursbeginn ist eine Anmeldung m\u00f6glich, sofern der Kurs nicht<br>ausgebucht ist. Sie erhalten eine Anmeldebest\u00e4tigung per E-Mail. Die definitive<br>Durchf\u00fchrungsbest\u00e4tigung und Rechnung erhalten Sie sp\u00e4testens 10 Tage vor Kursstart.<br>Die Rechnung ist zwingend vor Kursstart zu begleichen. Falls eine Ratenzahlung erlaubt<br>ist (bei der Anmeldung ersichtlich), muss die erste Rate vor Kursstart beglichen sein. Die in<br>der Ausschreibung definierten Fristen f\u00fcr verbliebene Raten sind einzuhalten. Bitte beachten<br>Sie die unter Punkt Stornierung beschriebenen Zahlungskonditionen. Bei ungen\u00fcgender<br>Anzahl Teilnehmenden behaltet sich Bemeda Academy das Recht vor, Kurse zu<br>verschieben, abzusagen, zusammenzulegen oder einen Wechsel der Kursleitung<br>vorzunehmen. Kann ein geplanter Kurs\/Lehrgang infolge h\u00f6herer Gewalt nicht durchgef\u00fchrt<br>werden, haftet die Bemeda Academy nicht (z.B. Krankheit\/Unfall der Kursleitung, Brand). Die<br>Kurs-\/Lehrgangskosten werden in diesem Fall selbstverst\u00e4ndlich zur\u00fcckerstattet.<\/p>\n\n\n\n<p><\/p>\n\n\n\n<h2 class=\"wp-block-heading\"><strong>Stornierung, Abmeldung und Umbuchung<\/strong><\/h2>\n\n\n\n<p>Die Anmeldung f\u00fcr einen Kurs\/Lehrgang gilt als verbindlich. Bitte beachten Sie die\u00a0Konditionen f\u00fcr eine Annullation: Kurse\/Lehrg\u00e4nge sind bis 21 Tage vor Kursstart kostenlos, selbst\u00e4ndig online stornierbar. Ab 20 Tagen vor Kursstart ist eine Abmeldung\/Umbuchung schriftlich an info@bemeda-academy.ch zu richten.\u00a0<\/p>\n\n\n\n<p>Ab 20 Tagen bis 10 Tage vor Kursstart sind 50% des Kurs-\/Lehrgangspreises geschuldet.<br>Ab 9 Tagen vor Kursstart ist der ganze Betrag des Kurs-\/Lehrgangspreises geschuldet. <br>Ein Nichterscheinen oder Nichtbezahlen des Kurses\/Lehrgangs entbindet Sie nicht von der\u00a0Zahlungspflicht, da Sie einen Platz gebucht haben, den wir nicht mehr besetzen k\u00f6nnen! Bei\u00a0Verletzung der Zahlungspflicht werden wir nach der dritten Mahnung die Betreibung\u00a0einleiten. Bei Abbruch von Kursen\/Lehrg\u00e4ngen werden keine Kosten zur\u00fcckerstattet. Bei\u00a0Wiederholung des Kurses oder Lehrgangs sind die vollen Kurskosten zu bezahlen.\u00a0<\/p>\n\n\n\n<p><\/p>\n\n\n\n<h2 class=\"wp-block-heading\"><strong>Abmeldung und Abwesenheit w\u00e4hrend eines laufenden Kurses<\/strong><\/h2>\n\n\n\n<p>Teilnehmende sind verpflichtet, sich unverz\u00fcglich telefonisch oder per E-Mail abzumelden, sobald feststeht, dass eine Teilnahme an einem Kurstag oder Live-Webinar nicht m\u00f6glich ist. Vers\u00e4umte Kurseinheiten sind \u2013 sofern organisatorisch m\u00f6glich \u2013 zeitnah nachzuholen.<\/p>\n\n\n\n<p>Es gilt eine Anwesenheitspflicht von mindestens 90\u202f%. Bei einer Abwesenheit von mehr als zehn (10) Lektionen ist der*die Teilnehmende verpflichtet, die vers\u00e4umten Inhalte nachzuholen. Erfolgt keine oder eine versp\u00e4tete Abmeldung, mind. 24 Stunden vor dem Beginn des jeweiligen Kurstages, wird f\u00fcr das Nachholen eines Kurstags eine Bearbeitungspauschale von CHF 100.\u2013 pro Tag erhoben. F\u00fcr ein nicht besuchtes Live-Webinar ohne rechtzeitige Abmeldung wird eine Geb\u00fchr von CHF 50.\u2013 pro Termin in Rechnung gestellt. Liegt ein \u00e4rztliches Attest vor, entfallen die genannten Bearbeitungsgeb\u00fchren.<\/p>\n\n\n\n<p><\/p>\n\n\n\n<h2 class=\"wp-block-heading\"><strong>Teilnahmebest\u00e4tigung\/Zertifikat<\/strong><\/h2>\n\n\n\n<p>Sie erhalten nach besuchtem Kurs eine Teilnahmebest\u00e4tigung per Mail. Bei besuchtem\u00a0Lehrgang und den erf\u00fcllten Promotionsbedingungen, erhalten Sie eine Kursbest\u00e4tigung. Verlorene Best\u00e4tigungen\/Zertifikate k\u00f6nnen gegen eine Geb\u00fchr von CHF 50.- als Duplikat ausgestellt werden.<\/p>\n\n\n\n<p><\/p>\n\n\n\n<h2 class=\"wp-block-heading\"><strong>Ausschluss aus dem Kurs\/Lehrgang\u00a0<\/strong><\/h2>\n\n\n\n<p>Die Bemeda Academy beh\u00e4lt sich vor, Teilnehmende aus wichtigen Gr\u00fcnden (z.B. unkooperatives, wiederholt respektloses Verhalten, Aggression gegen\u00fcber anwesenden Personen) aus einem Lehrgang oder Kurs begr\u00fcndet auszuschliessen.<\/p>\n\n\n\n<p><\/p>\n\n\n\n<h2 class=\"wp-block-heading\"><strong>Beschwerden<\/strong><\/h2>\n\n\n\n<p>Es besteht die M\u00f6glichkeit eine Beschwerde bei der ASPS in Bern einzureichen.<\/p>\n\n\n\n<p><\/p>\n\n\n\n<h2 class=\"wp-block-heading\"><strong>Haftung<\/strong><\/h2>\n\n\n\n<p>F\u00fcr alle Kurse\/Lehrg\u00e4nge ist die Versicherung von Personen und G\u00fctern Sache der Teilnehmenden. Wir schliessen jegliche Haftung aus.<\/p>\n\n\n\n<p><\/p>\n\n\n\n<h2 class=\"wp-block-heading\"><strong>Datenschutz und Schweigepflicht\u00a0<\/strong><\/h2>\n\n\n\n<p>Wir legen grossen Wert auf den Datenschutz\/Schweigepflicht. Bild- und Tonaufnahmen von Menschen sind nicht erlaubt. Mit der Anmeldung best\u00e4tigt der\/die Teilnehmer\/in, dass die Bemeda Academy die Personendaten erfasst, speichert und f\u00fcr die Abwicklung der Dienstleistung sowie f\u00fcr Marketingzwecke verwendet.<br><\/p>\n","protected":false},"excerpt":{"rendered":"<p>Geltungsbereich Die vorliegenden Allgemeinen Vertragsbedingungen (AVB) gelten f\u00fcr alle Angebote derBemeda Academy. Voraussetzungen und Leistungen Anmeldung F\u00fcr Kurse und Lehrg\u00e4nge besteht die M\u00f6glichkeit zur Online-Anmeldung auf unsererWebseite https:\/\/bemeda-academy.ch. Es werden nur Online-Anmeldungenentgegengenommen, telefonische Anmeldungen sind nicht m\u00f6glich. Die Anmeldungverpflichtet Sie zur Bezahlung der Kurskosten unter Ber\u00fccksichtigung derStornierungsm\u00f6glichkeiten (s. Punkt Stornierung). Anmeldungen werden in der Reihenfolgedes [&hellip;]<\/p>\n","protected":false},"author":1,"featured_media":0,"parent":0,"menu_order":0,"comment_status":"closed","ping_status":"closed","template":"","meta":{"footnotes":""},"class_list":["post-3","page","type-page","status-publish","hentry"],"_links":{"self":[{"href":"https:\/\/bemeda-academy.ch\/index.php\/wp-json\/wp\/v2\/pages\/3","targetHints":{"allow":["GET"]}}],"collection":[{"href":"https:\/\/bemeda-academy.ch\/index.php\/wp-json\/wp\/v2\/pages"}],"about":[{"href":"https:\/\/bemeda-academy.ch\/index.php\/wp-json\/wp\/v2\/types\/page"}],"author":[{"embeddable":true,"href":"https:\/\/bemeda-academy.ch\/index.php\/wp-json\/wp\/v2\/users\/1"}],"replies":[{"embeddable":true,"href":"https:\/\/bemeda-academy.ch\/index.php\/wp-json\/wp\/v2\/comments?post=3"}],"version-history":[{"count":5,"href":"https:\/\/bemeda-academy.ch\/index.php\/wp-json\/wp\/v2\/pages\/3\/revisions"}],"predecessor-version":[{"id":966,"href":"https:\/\/bemeda-academy.ch\/index.php\/wp-json\/wp\/v2\/pages\/3\/revisions\/966"}],"wp:attachment":[{"href":"https:\/\/bemeda-academy.ch\/index.php\/wp-json\/wp\/v2\/media?parent=3"}],"curies":[{"name":"wp","href":"https:\/\/api.w.org\/{rel}","templated":true}]}}