{"id":624,"date":"2024-12-07T21:02:36","date_gmt":"2024-12-07T21:02:36","guid":{"rendered":"https:\/\/bemeda-academy.ch\/index.php\/pflegehelferkurs-copy\/"},"modified":"2024-12-08T13:33:12","modified_gmt":"2024-12-08T13:33:12","slug":"fuehrungsseminar","status":"publish","type":"page","link":"https:\/\/bemeda-academy.ch\/index.php\/fuehrungsseminar\/","title":{"rendered":"F\u00fchrungsseminar"},"content":{"rendered":"<div class=\"wpb-content-wrapper\"><p>[vc_row full_width=&#8220;0&#8243; full_height=&#8220;0&#8243; particles=&#8220;0&#8243; css=&#8220;.vc_custom_1457512674147{padding-bottom: 96px !important;}&#8220;][vc_column][vc_empty_space height=&#8220;64px&#8220;][\/vc_column][vc_column width=&#8220;1\/2&#8243;][vc_column_text]Das\u00a0<b>F\u00fchrungsseminar<\/b>\u00a0wurde speziell entwickelt, um Fach- und F\u00fchrungskr\u00e4ften die Werkzeuge und Strategien zu vermitteln, die sie f\u00fcr eine erfolgreiche Leitung von Teams und Projekten ben\u00f6tigen. Dieses Seminar kombiniert theoretisches Wissen mit praxisnahen \u00dcbungen und Gruppenaktivit\u00e4ten, um Ihre F\u00fchrungsf\u00e4higkeiten nachhaltig zu st\u00e4rken.[\/vc_column_text][vc_column_text]<strong>Was Sie erwartet:<\/strong>[\/vc_column_text][vc_row_inner][vc_column_inner width=&#8220;1\/2&#8243;][vc_column_text]<strong>Theorie &amp; Praxis in Kombination:<br \/>\n<\/strong><\/p>\n<ul>\n<li data-olk-copy-source=\"MessageBody\">Vermittlung moderner F\u00fchrungstechniken: Motivation von Teams, Konfliktmanagement, Delegation und Entscheidungsfindung.<\/li>\n<li>Selbstorganisation und Stressmanagement: Wie Sie als F\u00fchrungskraft gesund und effizient bleiben.<\/li>\n<li>Teamentwicklung: Aufbau einer positiven und produktiven Teamkultur.<\/li>\n<\/ul>\n<p>[\/vc_column_text][\/vc_column_inner][vc_column_inner width=&#8220;1\/2&#8243;][vc_column_text]<strong>Interaktive Workshops:<br \/>\n<\/strong><\/p>\n<ul>\n<li data-olk-copy-source=\"MessageBody\">Realit\u00e4tsnahe Fallstudien und Rollenspiele.<\/li>\n<li>Austausch und Networking mit anderen F\u00fchrungskr\u00e4ften.<\/li>\n<\/ul>\n<p>[\/vc_column_text][vc_column_text css=&#8220;.vc_custom_1733605496731{padding-top: 10px !important;}&#8220;]<strong>F\u00fcr wen ist dieses Seminar geeignet:<\/strong><\/p>\n<ul>\n<li data-olk-copy-source=\"MessageBody\">F\u00fchrungskr\u00e4fte, die ihre F\u00e4higkeiten weiterentwickeln m\u00f6chten.<\/li>\n<li>Personen, die sich auf F\u00fchrungspositionen vorbereiten.<\/li>\n<li>Projektleiter und Teamverantwortliche.<\/li>\n<\/ul>\n<p>[\/vc_column_text][\/vc_column_inner][\/vc_row_inner][vc_single_image image=&#8220;711&#8243; img_size=&#8220;full&#8220;][vc_column_text]<strong>Ziele des Seminars:<br \/>\n<\/strong><span data-olk-copy-source=\"MessageBody\">Nach Abschluss des Seminars sind Sie in der Lage, Ihre F\u00fchrungsrolle bewusst und effektiv auszuf\u00fcllen, Konflikte erfolgreich zu l\u00f6sen und Ihr Team zu H\u00f6chstleistungen zu motivieren.<\/span><\/p>\n<p><b data-olk-copy-source=\"MessageBody\">Dauer:<\/b> 3 Tage Intensivseminar (Pr\u00e4senzkurs)<br \/>\n<b>Lernmethoden:<\/b> Pr\u00e4senztraining mit interaktiven Gruppen\u00fcbungen[\/vc_column_text][\/vc_column][\/vc_row][vc_row color_set=&#8220;secondary_section&#8220; full_width=&#8220;0&#8243; full_height=&#8220;0&#8243; sep_bottom=&#8220;separator_bottom sep_angled_positive_bottom&#8220; particles=&#8220;0&#8243; css=&#8220;.vc_custom_1457511086992{padding-top: 96px !important;padding-bottom: 64px !important;}&#8220;][vc_column width=&#8220;2\/3&#8243; offset=&#8220;vc_col-sm-offset-2&#8243;][vc_column_text]<\/p>\n<h3 style=\"text-align: center;\">Eine wahre F\u00fchrungskraft stellt sich nicht selbst in den Vordergrund, sondern bef\u00e4higt andere dazu, ihr bestes Selbst zu sein<\/h3>\n<p>[\/vc_column_text][\/vc_column][\/vc_row][vc_row color_set=&#8220;black_section&#8220; full_width=&#8220;0&#8243; full_height=&#8220;0&#8243; transparent_overlay=&#8220;transparent_film&#8220; background=&#8220;bgimage&#8220; bgimage=&#8220;632&#8243; parallax=&#8220;1&#8243;][vc_column]<div class=\"section_header subtitle_bottom   fancy text-center\">\n\n    <h2>Offene Fragen?<\/h2>\n\n\n        <p >Rufen Sie uns unverbindlich an unter +41 52 511 81 37<\/p>\n<\/div><div class=\"plethora_button wpb_content_element   text-center \">\n    <a href=\"https:\/\/bemeda-academy.ch\/index.php\/kontakt\" debug class=\" btn btn-secondary with-icon icon-left\" title=\"\"  target=\"_self\">\n\n         <i class=\"fa fa-check\"><\/i> \n        Unverbindlich Anfragen\n        \n\n    <\/a>\n<\/div>[\/vc_column][\/vc_row]<\/p>\n<\/div>","protected":false},"excerpt":{"rendered":"<p>[vc_row full_width=&#8220;0&#8243; full_height=&#8220;0&#8243; particles=&#8220;0&#8243; css=&#8220;.vc_custom_1457512674147{padding-bottom: 96px !important;}&#8220;][vc_column][vc_empty_space height=&#8220;64px&#8220;][\/vc_column][vc_column width=&#8220;1\/2&#8243;][vc_column_text]Das\u00a0F\u00fchrungsseminar\u00a0wurde speziell entwickelt, um Fach- und F\u00fchrungskr\u00e4ften die Werkzeuge und Strategien zu vermitteln, die sie f\u00fcr eine erfolgreiche Leitung von Teams und Projekten ben\u00f6tigen. Dieses Seminar kombiniert theoretisches Wissen mit praxisnahen \u00dcbungen und Gruppenaktivit\u00e4ten, um Ihre F\u00fchrungsf\u00e4higkeiten nachhaltig zu st\u00e4rken.[\/vc_column_text][vc_column_text]Was Sie erwartet:[\/vc_column_text][vc_row_inner][vc_column_inner width=&#8220;1\/2&#8243;][vc_column_text]Theorie &amp; Praxis in Kombination: [&hellip;]<\/p>\n","protected":false},"author":1,"featured_media":0,"parent":0,"menu_order":0,"comment_status":"closed","ping_status":"closed","template":"","meta":{"footnotes":""},"class_list":["post-624","page","type-page","status-publish","hentry"],"_links":{"self":[{"href":"https:\/\/bemeda-academy.ch\/index.php\/wp-json\/wp\/v2\/pages\/624","targetHints":{"allow":["GET"]}}],"collection":[{"href":"https:\/\/bemeda-academy.ch\/index.php\/wp-json\/wp\/v2\/pages"}],"about":[{"href":"https:\/\/bemeda-academy.ch\/index.php\/wp-json\/wp\/v2\/types\/page"}],"author":[{"embeddable":true,"href":"https:\/\/bemeda-academy.ch\/index.php\/wp-json\/wp\/v2\/users\/1"}],"replies":[{"embeddable":true,"href":"https:\/\/bemeda-academy.ch\/index.php\/wp-json\/wp\/v2\/comments?post=624"}],"version-history":[{"count":7,"href":"https:\/\/bemeda-academy.ch\/index.php\/wp-json\/wp\/v2\/pages\/624\/revisions"}],"predecessor-version":[{"id":712,"href":"https:\/\/bemeda-academy.ch\/index.php\/wp-json\/wp\/v2\/pages\/624\/revisions\/712"}],"wp:attachment":[{"href":"https:\/\/bemeda-academy.ch\/index.php\/wp-json\/wp\/v2\/media?parent=624"}],"curies":[{"name":"wp","href":"https:\/\/api.w.org\/{rel}","templated":true}]}}